{"id":111,"date":"2025-08-19T10:48:43","date_gmt":"2025-08-19T10:48:43","guid":{"rendered":"https:\/\/leadprinter.ai\/homepage\/"},"modified":"2026-03-19T09:17:08","modified_gmt":"2026-03-19T09:17:08","slug":"avaleht","status":"publish","type":"page","link":"https:\/\/leadprinter.ai\/et\/","title":{"rendered":"Avaleht"},"content":{"rendered":"","protected":false},"excerpt":{"rendered":"","protected":false},"author":1,"featured_media":112,"parent":0,"menu_order":0,"comment_status":"closed","ping_status":"closed","template":"templates\/homepage.php","meta":{"_acf_changed":false},"class_list":["post-111","page","type-page","status-publish","has-post-thumbnail","hentry"],"acf":[],"yoast_head":"<!-- This site is optimized with the Yoast SEO plugin v26.8 - https:\/\/yoast.com\/product\/yoast-seo-wordpress\/ -->\n<title>Avaleht | Lead printer<\/title>\n<meta name=\"description\" content=\"M\u00fc\u00fcgi automatiseerimise eksperdid. Kasvata m\u00fc\u00fcki ilma uusi m\u00fc\u00fcgimehi v\u00e4rbamata - 20+ \u00e4rikliendi p\u00e4ringut 30 p\u00e4evaga v\u00f5i saate raha tagasi.\" \/>\n<meta name=\"robots\" content=\"index, follow, max-snippet:-1, max-image-preview:large, max-video-preview:-1\" \/>\n<link rel=\"canonical\" href=\"https:\/\/leadprinter.ai\/et\/\" \/>\n<meta property=\"og:locale\" content=\"et_EE\" \/>\n<meta property=\"og:type\" content=\"article\" \/>\n<meta property=\"og:title\" content=\"Avaleht | Lead printer\" \/>\n<meta property=\"og:description\" content=\"M\u00fc\u00fcgi automatiseerimise eksperdid. Kasvata m\u00fc\u00fcki ilma uusi m\u00fc\u00fcgimehi v\u00e4rbamata - 20+ \u00e4rikliendi p\u00e4ringut 30 p\u00e4evaga v\u00f5i saate raha tagasi.\" \/>\n<meta property=\"og:url\" content=\"https:\/\/leadprinter.ai\/et\/\" \/>\n<meta property=\"og:site_name\" content=\"Lead printer\" \/>\n<meta property=\"article:publisher\" content=\"https:\/\/www.facebook.com\/vDesignly\" \/>\n<meta property=\"article:modified_time\" content=\"2026-03-19T09:17:08+00:00\" \/>\n<meta property=\"og:image\" content=\"https:\/\/leadprinter.ai\/wp-content\/uploads\/2025\/08\/vdisainteam.jpg\" \/>\n\t<meta property=\"og:image:width\" content=\"1920\" \/>\n\t<meta property=\"og:image:height\" content=\"1279\" \/>\n\t<meta property=\"og:image:type\" content=\"image\/jpeg\" \/>\n<meta name=\"twitter:card\" content=\"summary_large_image\" \/>\n<meta name=\"twitter:label1\" content=\"Est. reading time\" \/>\n\t<meta name=\"twitter:data1\" content=\"1 minut\" \/>\n<script type=\"application\/ld+json\" class=\"yoast-schema-graph\">{\"@context\":\"https:\/\/schema.org\",\"@graph\":[{\"@type\":\"WebPage\",\"@id\":\"https:\/\/leadprinter.ai\/et\/\",\"url\":\"https:\/\/leadprinter.ai\/et\/\",\"name\":\"Avaleht | Lead printer\",\"isPartOf\":{\"@id\":\"https:\/\/leadprinter.ai\/et\/#website\"},\"primaryImageOfPage\":{\"@id\":\"https:\/\/leadprinter.ai\/et\/#primaryimage\"},\"image\":{\"@id\":\"https:\/\/leadprinter.ai\/et\/#primaryimage\"},\"thumbnailUrl\":\"https:\/\/leadprinter.ai\/wp-content\/uploads\/2025\/08\/vdisainteam.jpg\",\"datePublished\":\"2025-08-19T10:48:43+00:00\",\"dateModified\":\"2026-03-19T09:17:08+00:00\",\"description\":\"M\u00fc\u00fcgi automatiseerimise eksperdid. Kasvata m\u00fc\u00fcki ilma uusi m\u00fc\u00fcgimehi v\u00e4rbamata - 20+ \u00e4rikliendi p\u00e4ringut 30 p\u00e4evaga v\u00f5i saate raha tagasi.\",\"breadcrumb\":{\"@id\":\"https:\/\/leadprinter.ai\/et\/#breadcrumb\"},\"inLanguage\":\"et\",\"potentialAction\":[{\"@type\":\"ReadAction\",\"target\":[\"https:\/\/leadprinter.ai\/et\/\"]}]},{\"@type\":\"ImageObject\",\"inLanguage\":\"et\",\"@id\":\"https:\/\/leadprinter.ai\/et\/#primaryimage\",\"url\":\"https:\/\/leadprinter.ai\/wp-content\/uploads\/2025\/08\/vdisainteam.jpg\",\"contentUrl\":\"https:\/\/leadprinter.ai\/wp-content\/uploads\/2025\/08\/vdisainteam.jpg\",\"width\":1920,\"height\":1279,\"caption\":\"vDisain Team\"},{\"@type\":\"BreadcrumbList\",\"@id\":\"https:\/\/leadprinter.ai\/et\/#breadcrumb\",\"itemListElement\":[{\"@type\":\"ListItem\",\"position\":1,\"name\":\"Home\",\"item\":\"https:\/\/leadprinter.ai\/et\/\"},{\"@type\":\"ListItem\",\"position\":2,\"name\":\"Avaleht\"}]},{\"@type\":\"WebSite\",\"@id\":\"https:\/\/leadprinter.ai\/et\/#website\",\"url\":\"https:\/\/leadprinter.ai\/et\/\",\"name\":\"Lead printer\",\"description\":\"Lead generation experts\",\"publisher\":{\"@id\":\"https:\/\/leadprinter.ai\/et\/#organization\"},\"potentialAction\":[{\"@type\":\"SearchAction\",\"target\":{\"@type\":\"EntryPoint\",\"urlTemplate\":\"https:\/\/leadprinter.ai\/et\/?s={search_term_string}\"},\"query-input\":{\"@type\":\"PropertyValueSpecification\",\"valueRequired\":true,\"valueName\":\"search_term_string\"}}],\"inLanguage\":\"et\"},{\"@type\":\"Organization\",\"@id\":\"https:\/\/leadprinter.ai\/et\/#organization\",\"name\":\"Lead printer\",\"url\":\"https:\/\/leadprinter.ai\/et\/\",\"logo\":{\"@type\":\"ImageObject\",\"inLanguage\":\"et\",\"@id\":\"https:\/\/leadprinter.ai\/et\/#\/schema\/logo\/image\/\",\"url\":\"https:\/\/leadprinter.ai\/wp-content\/uploads\/2025\/09\/Lead-Printer-logo.svg\",\"contentUrl\":\"https:\/\/leadprinter.ai\/wp-content\/uploads\/2025\/09\/Lead-Printer-logo.svg\",\"width\":1,\"height\":1,\"caption\":\"Lead printer\"},\"image\":{\"@id\":\"https:\/\/leadprinter.ai\/et\/#\/schema\/logo\/image\/\"},\"sameAs\":[\"https:\/\/www.facebook.com\/vDesignly\",\"https:\/\/www.instagram.com\/vdisain.ee\/\",\"https:\/\/www.linkedin.com\/company\/vdesingly\/\"]}]}<\/script>\n<!-- \/ Yoast SEO plugin. -->","yoast_head_json":{"title":"Avaleht | Lead printer","description":"M\u00fc\u00fcgi automatiseerimise eksperdid. Kasvata m\u00fc\u00fcki ilma uusi m\u00fc\u00fcgimehi v\u00e4rbamata - 20+ \u00e4rikliendi p\u00e4ringut 30 p\u00e4evaga v\u00f5i saate raha tagasi.","robots":{"index":"index","follow":"follow","max-snippet":"max-snippet:-1","max-image-preview":"max-image-preview:large","max-video-preview":"max-video-preview:-1"},"canonical":"https:\/\/leadprinter.ai\/et\/","og_locale":"et_EE","og_type":"article","og_title":"Avaleht | Lead printer","og_description":"M\u00fc\u00fcgi automatiseerimise eksperdid. Kasvata m\u00fc\u00fcki ilma uusi m\u00fc\u00fcgimehi v\u00e4rbamata - 20+ \u00e4rikliendi p\u00e4ringut 30 p\u00e4evaga v\u00f5i saate raha tagasi.","og_url":"https:\/\/leadprinter.ai\/et\/","og_site_name":"Lead printer","article_publisher":"https:\/\/www.facebook.com\/vDesignly","article_modified_time":"2026-03-19T09:17:08+00:00","og_image":[{"width":1920,"height":1279,"url":"https:\/\/leadprinter.ai\/wp-content\/uploads\/2025\/08\/vdisainteam.jpg","type":"image\/jpeg"}],"twitter_card":"summary_large_image","twitter_misc":{"Est. reading time":"1 minut"},"schema":{"@context":"https:\/\/schema.org","@graph":[{"@type":"WebPage","@id":"https:\/\/leadprinter.ai\/et\/","url":"https:\/\/leadprinter.ai\/et\/","name":"Avaleht | Lead printer","isPartOf":{"@id":"https:\/\/leadprinter.ai\/et\/#website"},"primaryImageOfPage":{"@id":"https:\/\/leadprinter.ai\/et\/#primaryimage"},"image":{"@id":"https:\/\/leadprinter.ai\/et\/#primaryimage"},"thumbnailUrl":"https:\/\/leadprinter.ai\/wp-content\/uploads\/2025\/08\/vdisainteam.jpg","datePublished":"2025-08-19T10:48:43+00:00","dateModified":"2026-03-19T09:17:08+00:00","description":"M\u00fc\u00fcgi automatiseerimise eksperdid. Kasvata m\u00fc\u00fcki ilma uusi m\u00fc\u00fcgimehi v\u00e4rbamata - 20+ \u00e4rikliendi p\u00e4ringut 30 p\u00e4evaga v\u00f5i saate raha tagasi.","breadcrumb":{"@id":"https:\/\/leadprinter.ai\/et\/#breadcrumb"},"inLanguage":"et","potentialAction":[{"@type":"ReadAction","target":["https:\/\/leadprinter.ai\/et\/"]}]},{"@type":"ImageObject","inLanguage":"et","@id":"https:\/\/leadprinter.ai\/et\/#primaryimage","url":"https:\/\/leadprinter.ai\/wp-content\/uploads\/2025\/08\/vdisainteam.jpg","contentUrl":"https:\/\/leadprinter.ai\/wp-content\/uploads\/2025\/08\/vdisainteam.jpg","width":1920,"height":1279,"caption":"vDisain Team"},{"@type":"BreadcrumbList","@id":"https:\/\/leadprinter.ai\/et\/#breadcrumb","itemListElement":[{"@type":"ListItem","position":1,"name":"Home","item":"https:\/\/leadprinter.ai\/et\/"},{"@type":"ListItem","position":2,"name":"Avaleht"}]},{"@type":"WebSite","@id":"https:\/\/leadprinter.ai\/et\/#website","url":"https:\/\/leadprinter.ai\/et\/","name":"Lead printer","description":"Lead generation experts","publisher":{"@id":"https:\/\/leadprinter.ai\/et\/#organization"},"potentialAction":[{"@type":"SearchAction","target":{"@type":"EntryPoint","urlTemplate":"https:\/\/leadprinter.ai\/et\/?s={search_term_string}"},"query-input":{"@type":"PropertyValueSpecification","valueRequired":true,"valueName":"search_term_string"}}],"inLanguage":"et"},{"@type":"Organization","@id":"https:\/\/leadprinter.ai\/et\/#organization","name":"Lead printer","url":"https:\/\/leadprinter.ai\/et\/","logo":{"@type":"ImageObject","inLanguage":"et","@id":"https:\/\/leadprinter.ai\/et\/#\/schema\/logo\/image\/","url":"https:\/\/leadprinter.ai\/wp-content\/uploads\/2025\/09\/Lead-Printer-logo.svg","contentUrl":"https:\/\/leadprinter.ai\/wp-content\/uploads\/2025\/09\/Lead-Printer-logo.svg","width":1,"height":1,"caption":"Lead printer"},"image":{"@id":"https:\/\/leadprinter.ai\/et\/#\/schema\/logo\/image\/"},"sameAs":["https:\/\/www.facebook.com\/vDesignly","https:\/\/www.instagram.com\/vdisain.ee\/","https:\/\/www.linkedin.com\/company\/vdesingly\/"]}]}},"_links":{"self":[{"href":"https:\/\/leadprinter.ai\/et\/wp-json\/wp\/v2\/pages\/111","targetHints":{"allow":["GET"]}}],"collection":[{"href":"https:\/\/leadprinter.ai\/et\/wp-json\/wp\/v2\/pages"}],"about":[{"href":"https:\/\/leadprinter.ai\/et\/wp-json\/wp\/v2\/types\/page"}],"author":[{"embeddable":true,"href":"https:\/\/leadprinter.ai\/et\/wp-json\/wp\/v2\/users\/1"}],"replies":[{"embeddable":true,"href":"https:\/\/leadprinter.ai\/et\/wp-json\/wp\/v2\/comments?post=111"}],"version-history":[{"count":54,"href":"https:\/\/leadprinter.ai\/et\/wp-json\/wp\/v2\/pages\/111\/revisions"}],"predecessor-version":[{"id":1234,"href":"https:\/\/leadprinter.ai\/et\/wp-json\/wp\/v2\/pages\/111\/revisions\/1234"}],"wp:featuredmedia":[{"embeddable":true,"href":"https:\/\/leadprinter.ai\/et\/wp-json\/wp\/v2\/media\/112"}],"wp:attachment":[{"href":"https:\/\/leadprinter.ai\/et\/wp-json\/wp\/v2\/media?parent=111"}],"curies":[{"name":"wp","href":"https:\/\/api.w.org\/{rel}","templated":true}]}}